{"id":13,"date":"2012-09-07T23:00:09","date_gmt":"2012-09-07T21:00:09","guid":{"rendered":"http:\/\/jessyhowe.com\/?page_id=13"},"modified":"2020-06-19T10:31:07","modified_gmt":"2020-06-19T08:31:07","slug":"bio","status":"publish","type":"page","link":"https:\/\/jessyhowe.com\/?page_id=13","title":{"rendered":"BIO"},"content":{"rendered":"<h1>BIO<\/h1>\n<p>Jessy Howe (Jessica Jasmine Howe) wuchs in England und in der Schweiz auf. Ihre Muttersprache ist Deutsch, ihre Vatersprache ist Englisch und sie spricht fliessend Franz\u00f6sisch und Schwedisch. Die Sprache, welche Jessy als ihre Seelensprache bezeichnet, ist die Musik und das Singen.<\/p>\n<p>Ihre Grossmutter, eine schottische S\u00e4ngerin und ihre Mutter, die klassisch singt, haben Jessy inspiriert und ihr den Weg auf die B\u00fchne geebnet. Seit ihrem achten Lebensjahr spielt sie Klavier.\u00a0<\/p>\n<p>Als S\u00e4ngerin tourte Jessy \u00fcberall in der Schweiz, in Deutschland und Bulgarien. Sie trat auf in vielen Europ\u00e4ischen St\u00e4dten (Art On Ice, Live at Sunset, Montreux Jazz Festival, Popkomm Berlin, Kopenhagen, Paris, Monte Carlo, London, Cape Town &#8230;). \u00a0Ende Oktober 2019 stand Jessy als einzige weibliche Solistin mit Orchester und Chor des &#8220;WE CLASSIC THE ROCK 2&#8221; auf der grossen B\u00fchne des KKL&#8217;s in Luzern, wovon beide Shows ausverkauft waren.<\/p>\n<p>In Zusammenarbeit mit verschiedenen K\u00fcnstlern, Bands und Produzenten entstanden zahlreiche Songs wie z.B. mit Roger Martin, DJ Rolf Imhof, mit G-SAX, mit Mundart Legende Polo Hofer, dem Comedy Star Viktor Giacobbo, der Happy Monday Band oder mit DJ Steven Stone. Wer ein Fan von Bligg ist, kennt die Single \u201cI\u2019d Kill For You\u201d. F\u00fcr Bligg\u2019s Song hat Jessy ihre Stimme leihen d\u00fcrfen, tourte als Gasts\u00e4ngerin gemeinsam mit \u201cBligg feat. The Youngblood Brass Band\u201d und peformte als Background S\u00e4ngerin auf seiner letztj\u00e4hrigen &#8220;Instinkt Tour 2016&#8221;.<\/p>\n<p>Ihre Partyband, \u201cJessy Howe &amp; Co\u201d und ihr akustisches Quartett &#8220;Jessy Howe &amp; Soir\u00e9e Jazz&#8221; werden f\u00fcr an Kunden events, private Anl\u00e4sse engagiert und treten \u00f6ffentlich als Showact auf (Plaza Klub Z\u00fcrich, Restaurant Terrasse Z\u00fcrich, Vully Blues Festival, Gainsbourg Z\u00fcrich usw.).<\/p>\n<p>Gemeinsam mit Gitarrist und Produzent, Chris Muzik (Bligg, Adrian Stern, Polo Hofer), gr\u00fcndete Jessy 2007 die Band The Raveners. Ihr erstes Album erschien in Deutschland und in der Schweiz. Ihr zweites Album wurde 2012 in der Schweiz lanciert. The Raveners sind bereits zwei Mal in der Schweiz getourt und standen schon auf den Brettern des Blue Balls Festival\u2019s, im Kaufleuten Z\u00fcrich wie auch am Open Air in Gampel. Wer Radio h\u00f6rt, kennt einige ihrer Songs (\u201cYou Gotta Swing\u201d, \u201cBoy You Wanna\u201d oder die letzte Single \u201cKill The Beast\u201d).<\/p>\n<p>&#8220;Madame Mermaid&#8221; ist Jessy&#8217;s j\u00fcngstes Projekt, wo sie eigene Songs kreiert auf dem Piano schreibt, singt und co-produziert.\u00a0<\/p>\n<p>Nebst ihrer Hauptt\u00e4tigkeit als professionell engagierte S\u00e4ngerin f\u00fcr private Anl\u00e4sse gibt Jessy auch privaten Gesangsunterricht und trainiert mit StudentInnen an der Musikschule Hug in Z\u00fcrich.<\/p>\n<p>Am 8. November 2019 erschien die Single &#8220;Lonely No More&#8221; by Roger Martin feat. Jessy Howe unter dem Label Sony Music. Auf diesem Track singt Jessy und hat die Lyrics mitgeschrieben.\u00a0<\/p>\n<p>Das j\u00fcngste Projekt \u201eJessy Howe feat. Javier Vargas\u201c entstand 2020. Javier Vargas ist der am meisten gefeierte spanische Gitarrist innerhalb und <em>au\u00dferhalb <\/em>seiner Heimat. Acht Platin-Platten, 21 seit 1991 ver\u00f6ffentlichte Alben, unz\u00e4hlige internationale Tourneen, Kollaborationen mit legend\u00e4ren K\u00fcnstlern wie Carlos Santana, Prince oder Larry McCray &#8230; Eine makellose und konstante Karriere zeichnen diesen Musiker aus sowohl an der Spitze seiner \u201eVargas Blues Band\u201c <a href=\"https:\/\/www.vargasblues.com\/\">https:\/\/www.vargasblues.com\/<\/a> als auch f\u00fcr andere Projekte, bei denen er mitwirkt.<\/p>\n<p>Im April ver\u00f6ffentlichten die beiden Musiker ihre erste gemeinsame Single \u201eCry For Loving\u201c. Die zweite Single &#8220;Bloody Rock&amp;Roll&#8221; erschien am 5. Juni und die dritte Single &#8220;Shake Ur Money Maker&#8221; <a href=\"https:\/\/open.spotify.com\/track\/6wN034VvLphyhpxV4sPWYX?si=Hwk7Ew3DTneT5dGjKEK2hA\">https:\/\/open.spotify.com\/track\/6wN034VvLphyhpxV4sPWYX?si=Hwk7Ew3DTneT5dGjKEK2hA<\/a> mit der EP &#8220;Magic Waters&#8221; <a href=\"http:\/\/smarturl.it\/magic-waters\">http:\/\/smarturl.it\/magic-waters<\/a> ist seit dem 19. Juni auf allen Platformen erh\u00e4tlich. (Rock Estatal Records, Spanien). <\/p>\n<p><img decoding=\"async\" class=\"alignleft\" src=\"http:\/\/www.jessyhowe.com\/wp-content\/uploads\/bio1.jpg\" alt=\"\" width=\"640\" \/><\/p>\n\n\n<p><\/p>\n","protected":false},"excerpt":{"rendered":"<p>BIO Jessy Howe (Jessica Jasmine Howe) wuchs in England und in der Schweiz auf. Ihre Muttersprache ist Deutsch, ihre Vatersprache ist Englisch und sie spricht fliessend Franz\u00f6sisch und Schwedisch. Die Sprache, welche Jessy als ihre Seelensprache bezeichnet, ist die Musik und das Singen. Ihre Grossmutter, eine schottische S\u00e4ngerin und ihre &hellip;<\/p>\n","protected":false},"author":1,"featured_media":0,"parent":0,"menu_order":9,"comment_status":"closed","ping_status":"closed","template":"","meta":[],"_links":{"self":[{"href":"https:\/\/jessyhowe.com\/index.php?rest_route=\/wp\/v2\/pages\/13"}],"collection":[{"href":"https:\/\/jessyhowe.com\/index.php?rest_route=\/wp\/v2\/pages"}],"about":[{"href":"https:\/\/jessyhowe.com\/index.php?rest_route=\/wp\/v2\/types\/page"}],"author":[{"embeddable":true,"href":"https:\/\/jessyhowe.com\/index.php?rest_route=\/wp\/v2\/users\/1"}],"replies":[{"embeddable":true,"href":"https:\/\/jessyhowe.com\/index.php?rest_route=%2Fwp%2Fv2%2Fcomments&post=13"}],"version-history":[{"count":53,"href":"https:\/\/jessyhowe.com\/index.php?rest_route=\/wp\/v2\/pages\/13\/revisions"}],"predecessor-version":[{"id":3417,"href":"https:\/\/jessyhowe.com\/index.php?rest_route=\/wp\/v2\/pages\/13\/revisions\/3417"}],"wp:attachment":[{"href":"https:\/\/jessyhowe.com\/index.php?rest_route=%2Fwp%2Fv2%2Fmedia&parent=13"}],"curies":[{"name":"wp","href":"https:\/\/api.w.org\/{rel}","templated":true}]}}