{"id":185,"date":"2012-11-09T10:00:01","date_gmt":"2012-11-09T09:00:01","guid":{"rendered":"http:\/\/www.jessyhowe.com\/?page_id=185"},"modified":"2018-04-27T18:56:42","modified_gmt":"2018-04-27T16:56:42","slug":"trio","status":"publish","type":"page","link":"https:\/\/jessyhowe.com\/?page_id=185","title":{"rendered":"TRIO"},"content":{"rendered":"<h1>JESSY HOWE &#038; FRIENDS<\/h1>\n<p>Live Trio, Musik f\u00fcr Parties, Trauungen, Ap\u00e9ros, Firmenanl\u00e4sse, Privatanl\u00e4sse, Konzerte &#038; Events.<br \/>\nS\u00e4ngerin Jessy Howe, live Gitarrist und\/oder Kontrabassit\/Saxophonist\/DJ:<\/p>\n<p><iframe loading=\"lazy\" width=\"83.2%\" height=\"166\" scrolling=\"no\" frameborder=\"no\" src=\"https:\/\/w.soundcloud.com\/player\/?url=https%3A\/\/api.soundcloud.com\/tracks\/191608155&amp;color=c00000&amp;auto_play=false&amp;hide_related=false&amp;show_comments=true&amp;show_user=true&amp;show_reposts=false\"><\/iframe><\/p>\n<p><img decoding=\"async\" class=\"alignleft\" alt=\"\" src=\"http:\/\/www.jessyhowe.com\/wp-content\/uploads\/trio4.jpg\" width=\"640\" \/><br \/>\n<img decoding=\"async\" class=\"alignleft\" alt=\"\" src=\"http:\/\/www.jessyhowe.com\/wp-content\/uploads\/trio6.jpg\" width=\"640\" \/><br \/>\n<img decoding=\"async\" class=\"alignleft\" alt=\"\" src=\"http:\/\/www.jessyhowe.com\/wp-content\/uploads\/trio5.jpg\" width=\"640\" \/><br \/>\n<img decoding=\"async\" class=\"alignleft\" alt=\"\" src=\"http:\/\/www.jessyhowe.com\/wp-content\/uploads\/trio2.jpg\" width=\"640\" \/><\/p>\n","protected":false},"excerpt":{"rendered":"<p>JESSY HOWE &#038; FRIENDS Live Trio, Musik f\u00fcr Parties, Trauungen, Ap\u00e9ros, Firmenanl\u00e4sse, Privatanl\u00e4sse, Konzerte &#038; Events. S\u00e4ngerin Jessy Howe, live Gitarrist und\/oder Kontrabassit\/Saxophonist\/DJ:<\/p>\n","protected":false},"author":1,"featured_media":0,"parent":0,"menu_order":3,"comment_status":"closed","ping_status":"closed","template":"","meta":[],"_links":{"self":[{"href":"https:\/\/jessyhowe.com\/index.php?rest_route=\/wp\/v2\/pages\/185"}],"collection":[{"href":"https:\/\/jessyhowe.com\/index.php?rest_route=\/wp\/v2\/pages"}],"about":[{"href":"https:\/\/jessyhowe.com\/index.php?rest_route=\/wp\/v2\/types\/page"}],"author":[{"embeddable":true,"href":"https:\/\/jessyhowe.com\/index.php?rest_route=\/wp\/v2\/users\/1"}],"replies":[{"embeddable":true,"href":"https:\/\/jessyhowe.com\/index.php?rest_route=%2Fwp%2Fv2%2Fcomments&post=185"}],"version-history":[{"count":63,"href":"https:\/\/jessyhowe.com\/index.php?rest_route=\/wp\/v2\/pages\/185\/revisions"}],"predecessor-version":[{"id":2676,"href":"https:\/\/jessyhowe.com\/index.php?rest_route=\/wp\/v2\/pages\/185\/revisions\/2676"}],"wp:attachment":[{"href":"https:\/\/jessyhowe.com\/index.php?rest_route=%2Fwp%2Fv2%2Fmedia&parent=185"}],"curies":[{"name":"wp","href":"https:\/\/api.w.org\/{rel}","templated":true}]}}