{"id":187,"date":"2012-11-09T10:00:16","date_gmt":"2012-11-09T09:00:16","guid":{"rendered":"http:\/\/www.jessyhowe.com\/?page_id=187"},"modified":"2025-01-20T18:19:47","modified_gmt":"2025-01-20T17:19:47","slug":"duo","status":"publish","type":"page","link":"https:\/\/jessyhowe.com\/?page_id=187","title":{"rendered":"DUO"},"content":{"rendered":"<h1>JESSY &amp; CHRIS<\/h1>\n<p>Live Duo, Musik f\u00fcr Parties, Trauungen, Musik f\u00fcr in der Kirche, Ap\u00e9ros, Firmenanl\u00e4sse, Privatanl\u00e4sse, Konzerte &amp; Events. S\u00e4ngerin Jessy Howe mit Gitarrist oder Saxophonist oder Pianist:<\/p>\n<p><iframe loading=\"lazy\" src=\"https:\/\/w.soundcloud.com\/player\/?url=https%3A\/\/api.soundcloud.com\/tracks\/191608154&amp;color=c00000&amp;auto_play=false&amp;hide_related=false&amp;show_comments=true&amp;show_user=true&amp;show_reposts=false\" width=\"83.2%\" height=\"166\" frameborder=\"no\" scrolling=\"no\"><\/iframe><\/p>\n<p><img decoding=\"async\" class=\"alignleft\" src=\"http:\/\/www.jessyhowe.com\/wp-content\/uploads\/duo2.jpg\" alt=\"\" width=\"640\" \/><br \/><img decoding=\"async\" class=\"alignleft\" src=\"http:\/\/www.jessyhowe.com\/wp-content\/uploads\/duo4.jpg\" alt=\"\" width=\"640\" \/><br \/><img decoding=\"async\" class=\"alignleft\" src=\"http:\/\/www.jessyhowe.com\/wp-content\/uploads\/duo5.jpg\" alt=\"\" width=\"640\" \/><br \/><img decoding=\"async\" class=\"alignleft\" src=\"http:\/\/www.jessyhowe.com\/wp-content\/uploads\/duo6.jpg\" alt=\"\" width=\"640\" \/><\/p>\n\n\n<figure class=\"wp-block-embed is-type-video is-provider-youtube wp-block-embed-youtube wp-embed-aspect-16-9 wp-has-aspect-ratio\"><div class=\"wp-block-embed__wrapper\">\n<iframe loading=\"lazy\" title=\"Jessy Howe + Chris Muzik, Background- and Ap\u00e9ro live music, appetizer\" width=\"500\" height=\"281\" src=\"https:\/\/www.youtube.com\/embed\/RRnFZwOPdHg?feature=oembed\" frameborder=\"0\" allow=\"accelerometer; autoplay; clipboard-write; encrypted-media; gyroscope; picture-in-picture; web-share\" referrerpolicy=\"strict-origin-when-cross-origin\" allowfullscreen><\/iframe>\n<\/div><\/figure>\n","protected":false},"excerpt":{"rendered":"<p>JESSY &amp; CHRIS Live Duo, Musik f\u00fcr Parties, Trauungen, Musik f\u00fcr in der Kirche, Ap\u00e9ros, Firmenanl\u00e4sse, Privatanl\u00e4sse, Konzerte &amp; Events. S\u00e4ngerin Jessy Howe mit Gitarrist oder Saxophonist oder Pianist:<\/p>\n","protected":false},"author":1,"featured_media":0,"parent":0,"menu_order":2,"comment_status":"closed","ping_status":"closed","template":"","meta":[],"_links":{"self":[{"href":"https:\/\/jessyhowe.com\/index.php?rest_route=\/wp\/v2\/pages\/187"}],"collection":[{"href":"https:\/\/jessyhowe.com\/index.php?rest_route=\/wp\/v2\/pages"}],"about":[{"href":"https:\/\/jessyhowe.com\/index.php?rest_route=\/wp\/v2\/types\/page"}],"author":[{"embeddable":true,"href":"https:\/\/jessyhowe.com\/index.php?rest_route=\/wp\/v2\/users\/1"}],"replies":[{"embeddable":true,"href":"https:\/\/jessyhowe.com\/index.php?rest_route=%2Fwp%2Fv2%2Fcomments&post=187"}],"version-history":[{"count":77,"href":"https:\/\/jessyhowe.com\/index.php?rest_route=\/wp\/v2\/pages\/187\/revisions"}],"predecessor-version":[{"id":3734,"href":"https:\/\/jessyhowe.com\/index.php?rest_route=\/wp\/v2\/pages\/187\/revisions\/3734"}],"wp:attachment":[{"href":"https:\/\/jessyhowe.com\/index.php?rest_route=%2Fwp%2Fv2%2Fmedia&parent=187"}],"curies":[{"name":"wp","href":"https:\/\/api.w.org\/{rel}","templated":true}]}}