{"id":20,"date":"2012-09-07T00:00:57","date_gmt":"2012-09-06T22:00:57","guid":{"rendered":"http:\/\/jessyhowe.com\/?page_id=20"},"modified":"2019-11-04T21:51:16","modified_gmt":"2019-11-04T20:51:16","slug":"references","status":"publish","type":"page","link":"https:\/\/jessyhowe.com\/?page_id=20","title":{"rendered":"REFERENCES"},"content":{"rendered":"<h1>REFERENCES<\/h1>\n<p>&#8211; \u00a0WE CLASSIC THE ROCK 2: KKL, Luzern, 26.&amp;27.10.19, 2x Sold out, Solistin<\/p>\n<p>&#8211; \u00a0Jessy Howe &amp; Soir\u00e9e Jazz, Restaurant Terrasse, Z\u00fcrich<\/p>\n<p>&#8211; Wedding Party, El Paradiso, St. Moritz<\/p>\n<p>&#8211; Formula E, 2018, Main Stage, Z\u00fcrich<\/p>\n<p>&#8211; Harley Davidson Club,\u00a0La Baracca, St. Moritz<\/p>\n<p>&#8211; Roger Federer 30th Birthday Dinner Party, Bocken, Horgen<\/p>\n<p>&#8211; Bligg Instinkt Tour 2016 \/ 2017<\/p>\n<p>&#8211; Polo Hofer feat. Swiss Blues Authority<\/p>\n<p>&#8211; Live At Sunset, &#8220;Voice &amp; Guitar&#8221;, Landesmuseum, Z\u00fcrich, Vorgruppe Ronan Keating<\/p>\n<p>&#8211; Art on Ice, Solo Act<\/p>\n<p>&#8211; The Sensational Plaza Dance Orchestra feat. Jessy Howe, Plaza Klub, Z\u00fcrich<\/p>\n<p>&#8211; Optiswiss, Kundenevent, Stade de Suisse, Bern<\/p>\n<p>&#8211; Emil Frey AG, Er\u00f6ffnungstage, Kundenevent, Crissier<\/p>\n<p>&#8211; Hochzeit, H\u00f6rnlih\u00fctte, Arosa<\/p>\n<p>&#8211; Woehrle Pirola, Storchen, Z\u00fcrich<\/p>\n<p>&#8211; Ameos Gruppe, Seerose, Kilchberg\u00a0<\/p>\n<p>&#8211; Club Of Nine, Weihnachtsball, Baur Au Lac, Z\u00fcrich<\/p>\n<p>&#8211; Wedding Party, Restaurant Pauls, Widnau<\/p>\n<p>&#8211; AbbVIE, Christmas Party, Hotel Schweizerhof, Luzern<\/p>\n<p>&#8211; Avaloq, Weihnachtsap\u00e9ro, Z\u00fcrich<\/p>\n<p>&#8211; Hoffmann Neopac GV, Konzepthalle 6, Thun<\/p>\n<p>&#8211; Erlach Festival 2019, Schloss<\/p>\n<p>&#8211; Geoterra, Weihnachtsfeier, Papiersaal\/Sihlcity, Z\u00fcrich<\/p>\n<p>&#8211; Wedding Brunch, Mallorca\u00a0<\/p>\n<p>&#8211; Corviglia, White Marmot, Dinner Lunch &amp; Apr\u00e8s Ski, St. Moritz<\/p>\n<p>&#8211; Restaurant Hotel B\u00e4ren, Andermatt<\/p>\n<p>&#8211; Private Birthday, H\u00f6rnlih\u00fctte, Arosa<\/p>\n<p>&#8211; Gipser Ferrari AG, Weihnachtsfeier, Prime Tower, Z\u00fcrich<\/p>\n<p>&#8211; Hauser &amp; Partner Einweihungsfeier, D\u00fcbendorf<\/p>\n<p>&#8211; Hochzeit Seerose, Kilchberg\u00a0<\/p>\n<p>&#8211; La Biostethique, Beauty Style Award 2013, Champs-Elys\u00e9es, Paris<\/p>\n<p>&#8211; Sechsel\u00e4uten Ball, &#8220;Ball mit Knall&#8221;, Hotel Storchen<\/p>\n<p>&#8211; Fifa, &#8220;Blue Stars Youth Cup, Feier, Z\u00fcrich<\/p>\n<p>&#8211; Genossenschaftsfeier, Affoltern Z\u00fcrich<\/p>\n<p>&#8211; Restaurant Leafs Opening, Hotel Engimatt, Z\u00fcrich<\/p>\n<p>&#8211; Wedding Brunch, private Mansion, Mallorca<\/p>\n<p>&#8211; Swisscom Christmas Party, Kaufleuten, Z\u00fcrich<\/p>\n<p>&#8211; Sympany Versicherungen, Basel<\/p>\n<p>&#8211; Silvester\/New Year&#8217;s Eve party, Hotel Storchen, Z\u00fcrich<\/p>\n<p>&#8211; El Paradiso, private Feier, St. Moritz<\/p>\n<p>&#8211; 10 Jahre, Restaurant Oberer M\u00f6nchhof, Kilchberg<\/p>\n<p>&#8211; \u00c4rzte-Kongress, Davos<\/p>\n<p>&#8211; Terrace Opening, Restaurant Smith And De Luma, Z\u00fcrich<\/p>\n<p>&#8211; SRF Mitarbeiterfeier, Moods, Z\u00fcrich<\/p>\n<p>&#8211; Golclub Breitenloo, N\u00fcrensdorf<\/p>\n<p>&#8211; Barry Callebaut, Manager&#8217;s Conference, Davos<\/p>\n<p>&#8211; Happy Monday, Kaufleuten Lounge, Z\u00fcrich<\/p>\n<p>&#8211; Soir\u00e9e Jazz feat. Jessy Howe, Gainsbourg, Seefeld-Z\u00fcrich<\/p>\n<p>&#8211; Soir\u00e9e Jazz feat. Jessy Howe, Terrasse, Z\u00fcrich<\/p>\n<p>&#8211; Corporate event supporting act of Alanis Morisette, Baar<\/p>\n<p>&#8211; Standing Ovation, Z\u00fcrich<\/p>\n<p>&#8211; Julius Baer Ap\u00e9ro, Z\u00fcrich-Altstetten<\/p>\n<p>&#8211; Messy Jessy&#8217;s Jam, Aubrey, Schiffbau, Z\u00fcrich<\/p>\n<p>&#8211; Industrieverein Volketswil, Fliegermusem, D\u00fcbendorf<\/p>\n<p>&#8211; 44 Jahre Walder, werber, Uster<\/p>\n<p>&#8211; Six Group, Schiffbau, Z\u00fcrich<\/p>\n<p>&#8211; Rufener Events Ltd., Z\u00fcrich<\/p>\n<p>&#8211; Glass Tr\u00f6sch, corporate event, Freiburg DE<\/p>\n<p>&#8211; Credit Suisse, private event, management conference, Luegeten, Pf\u00e4ffikon<\/p>\n<p>&#8211; Skyguide Christmas Party, P1 D\u00fcbendorf<\/p>\n<p>&#8211; Golf Club Sch\u00f6nenberg, supporting act of Patricia Kaas, Z\u00fcrich<\/p>\n<p>&#8211; Microsoft, corporate event, Messehalle Basel<\/p>\n<p>&#8211; Jelmoli opening of Sports Department, Zurich<\/p>\n<p>&#8211; UBS Christmas Party, Z\u00fcrich<\/p>\n<p>&#8211; Credit Suisse, corporate event, Z\u00fcrich<\/p>\n<p>&#8211; Raiffeisenbank Mitarbeiter Feier, St. Gallen<\/p>\n<p>&#8211; Valartis Ski Weekend, Grindelwald<\/p>\n<p>&#8211; Private Feier, Hotel Victoria, Glion sur Montreux<\/p>\n<p>&#8211; Geburtstagsfeier, Hotel Villa Honegg<\/p>\n<p>&#8211; UBS, Er\u00f6ffnungsfeier, Z\u00fcrich-Altstetten<\/p>\n<p>&#8211; Handels- und Gewerbeverein Surses, 2020, Savognin<\/p>\n<p>&#8211; Geburtstagsfeier Hotel Victoria, Glion sur Montreux<\/p>\n<p>&#8211; Annabelle Prix de Beaut\u00e9 event, Z\u00fcrich<\/p>\n<p>&#8211; Live At Sunset supporting Act of Ronan Keating, Z\u00fcrich<\/p>\n<p>&#8211; BMW H\u00e4ndler Meeting, Rothrist<\/p>\n<p>&#8211; J.F.REY Eyewear Design, corporate event, Munich<\/p>\n<p>&#8211; Corporate event supporting act of Kim Wilde, Baar<\/p>\n<p>&#8211; WEF corporate event, Price Waterhouse Coopers, Davos<\/p>\n<p>&#8211; EFG Bank, Giesserei Oerlikon<\/p>\n<p>&#8211; Allianz, Weihnachtsfeier, Wallisellen<\/p>\n<p>&#8211; Ellen Ringier Geburtstag, Haus Appenzell Z\u00fcrich<\/p>\n<p>&#8211; The Chedi, Andermatt<\/p>\n<p>&#8211; Corporate event, MS Sonnenk\u00f6nigin, Bodensee<\/p>\n<p>&#8211; Elektrolux, Ap\u00e9ro\/Diner, Z\u00fcrich<\/p>\n<p>&#8211; Ap\u00e9ro, private event, Baur Au Lac<\/p>\n<p>&#8211; Open Air Br\u00fctten Vereinsfest, Br\u00fctten<\/p>\n<p>&#8211; Sylvesterkonzert, AlpenRock Haus Z\u00fcrich Airport<\/p>\n<p>&#8211; Sylvesterparty, G\u00fcggel Jakobshorn Davos<\/p>\n<p>&#8211; Q-Bar, Chur<\/p>\n<p>&#8211; Architekturb\u00fcro Vera Gloor, Kundenfeier, Z\u00fcrich<\/p>\n<p>&#8211; Archh\u00f6fe Er\u00f6ffnungsfeier, Winterthur<\/p>\n<p>&#8211; Der Beobachter, Jubil\u00e4umsfeier, Z\u00fcrich<\/p>\n<p>&#8211; Falcon, Privatbank, Christmas Feier, Z\u00fcrich<\/p>\n<p>&#8211; Waldburger Gartenbau, Jubil\u00e4um, Herisau<\/p>\n<p>&#8211; Neo, Bar, Z\u00fcrich<\/p>\n<p>&#8211; Montreux Jazz Festival with The Raveners<\/p>\n<p>&#8211; Art on Ice, St. Jakobshalle, Basel<\/p>\n<p>&#8211; GGS, German Graduate School of Management and Law, 10 Jahre Jubil\u00e4um<\/p>\n<p>&#8211; Dada Ball 2016, Kunsthaus, Z\u00fcrich<\/p>\n<p>&#8211; Montblanc Suisse SA, Kundenevent, Razzia, Z\u00fcrich<\/p>\n<p>&#8211; Private Geburtstagsfeier, Restaurant Dieci, Rapperswil<\/p>\n<p>&#8211; Ulys\u00e9 Nardin, Messe Basel<\/p>\n<p>&#8211; Private Feier, Restaurant Sch\u00fctzengarten, St. Gallen<\/p>\n<p>&#8211; Allianz, Projektabschlussfeier, Stufenbau, Bern<\/p>\n<p>&#8211; Geburtstagsfeier, Club Bellevue, Z\u00fcrich<\/p>\n<p>&#8211; Hochzeitsfeier, Toscana, Italien<\/p>\n<p>&#8211; Blues-Brothers-Soul-Coverband: Strawberry Jam feat. Jessy Howe<\/p>\n<p>&#8211; Happy Monday, Bohemia, Z\u00fcrich<\/p>\n<p>&#8211; Kendris, Weihnachtsfeier, Trafo, Baden<\/p>\n<p>&#8211; Fifa, Feier, Oerlikon<\/p>\n<p>&#8211; Tres Marias, Boutique, Horgen<\/p>\n<p>&#8211; Geburtstagsfeier, Mittelmeer, Italien, Rundreise mit Star Clipper<\/p>\n<p>&#8211; Hochzeitszeremonie, Gelterkinden<\/p>\n<p>&#8211; Happy Monday, Carlton, Z\u00fcrich<\/p>\n<p>&#8211; Trauung, St\u00e4fa<\/p>\n<p>&#8211; Svit, Kundenanlass, Pontresina<\/p>\n<p>&#8211; Kundenanlass, Hotel Belvoir, R\u00fcschlikon<\/p>\n<p>&#8211; Adventsmarkt, RICHTIg Advent, Richterswil<\/p>\n<p>&#8211; Club of Nine, Weihnachtsball, Chicago Halle, Z\u00fcrich-Oerlikon<\/p>\n<p>&#8211; Geburtstagsfeier, Schatzalp, Davos<\/p>\n<p>&#8211; Lions Club, Weihnachtsfeier, Zug<\/p>\n<p>&#8211; Interactive Brokers, Weihnachtsfeier, Baur au Lac, Z\u00fcrich<\/p>\n<p>&#8211; Abschlussfeier, 16 Tage Gegen Gewalt An Frauen, ISC, Bern<\/p>\n<p>&#8211; Adcom, Christmas Party, Atelier Bar, Z\u00fcrich<\/p>\n<p>&#8211; Weihnachtsap\u00e9ro Avaloq Evolution Ag, Z\u00fcrich<\/p>\n<p>&#8211; Happy Monday feat. Jessy Howe, Restaurant und Bar Bohemia, Z\u00fcrich<\/p>\n<p>&#8211; Kiwanis Club Horgen-Z\u00fcrichsee, Neujahrsessen mit Tanz, Landgasthof Au, Au<\/p>\n<p>&#8211; Gemeinde Kilchberg, Weihnachtsessen, Park im Gr\u00fcene, R\u00fcschlikon<\/p>\n\n\n<p><\/p>\n","protected":false},"excerpt":{"rendered":"<p>REFERENCES &#8211; \u00a0WE CLASSIC THE ROCK 2: KKL, Luzern, 26.&amp;27.10.19, 2x Sold out, Solistin &#8211; \u00a0Jessy Howe &amp; Soir\u00e9e Jazz, Restaurant Terrasse, Z\u00fcrich &#8211; Wedding Party, El Paradiso, St. Moritz &#8211; Formula E, 2018, Main Stage, Z\u00fcrich &#8211; Harley Davidson Club,\u00a0La Baracca, St. Moritz &#8211; Roger Federer 30th Birthday Dinner &hellip;<\/p>\n","protected":false},"author":1,"featured_media":0,"parent":0,"menu_order":7,"comment_status":"closed","ping_status":"closed","template":"","meta":[],"_links":{"self":[{"href":"https:\/\/jessyhowe.com\/index.php?rest_route=\/wp\/v2\/pages\/20"}],"collection":[{"href":"https:\/\/jessyhowe.com\/index.php?rest_route=\/wp\/v2\/pages"}],"about":[{"href":"https:\/\/jessyhowe.com\/index.php?rest_route=\/wp\/v2\/types\/page"}],"author":[{"embeddable":true,"href":"https:\/\/jessyhowe.com\/index.php?rest_route=\/wp\/v2\/users\/1"}],"replies":[{"embeddable":true,"href":"https:\/\/jessyhowe.com\/index.php?rest_route=%2Fwp%2Fv2%2Fcomments&post=20"}],"version-history":[{"count":98,"href":"https:\/\/jessyhowe.com\/index.php?rest_route=\/wp\/v2\/pages\/20\/revisions"}],"predecessor-version":[{"id":3194,"href":"https:\/\/jessyhowe.com\/index.php?rest_route=\/wp\/v2\/pages\/20\/revisions\/3194"}],"wp:attachment":[{"href":"https:\/\/jessyhowe.com\/index.php?rest_route=%2Fwp%2Fv2%2Fmedia&parent=20"}],"curies":[{"name":"wp","href":"https:\/\/api.w.org\/{rel}","templated":true}]}}