{"id":920,"date":"2014-04-15T20:00:13","date_gmt":"2014-04-15T18:00:13","guid":{"rendered":"http:\/\/www.jessyhowe.com\/?page_id=920"},"modified":"2019-05-14T20:52:59","modified_gmt":"2019-05-14T18:52:59","slug":"apero-band","status":"publish","type":"page","link":"https:\/\/jessyhowe.com\/?page_id=920","title":{"rendered":"AP\u00c9RO BAND"},"content":{"rendered":"\n<figure class=\"wp-block-image\"><img decoding=\"async\" loading=\"lazy\" width=\"1020\" height=\"1020\" src=\"http:\/\/preview-web02.164519.aweb.preview-site.ch\/wp-content\/uploads\/ZSZBerichtSJ-1-1020x1020.jpg\" alt=\"\" class=\"wp-image-3059\" srcset=\"https:\/\/jessyhowe.com\/wp-content\/uploads\/ZSZBerichtSJ-1-1020x1020.jpg 1020w, https:\/\/jessyhowe.com\/wp-content\/uploads\/ZSZBerichtSJ-1-632x632.jpg 632w, https:\/\/jessyhowe.com\/wp-content\/uploads\/ZSZBerichtSJ-1-768x768.jpg 768w, https:\/\/jessyhowe.com\/wp-content\/uploads\/ZSZBerichtSJ-1-350x350.jpg 350w, https:\/\/jessyhowe.com\/wp-content\/uploads\/ZSZBerichtSJ-1.jpg 1200w\" sizes=\"(max-width: 1020px) 100vw, 1020px\" \/><\/figure>\n\n\n<h1>JESSY HOWE &amp; SOIR\u00c9E JAZZ<\/h1>\n<p>Unplugged Live Quartett f\u00fcr Hochzeiten, Ap\u00e9ros, Privatanl\u00e4sse, Firmenevents, Geburtstage: Kontrabassist, akustischer Gitarrist, Schlagzeuger und Jessy Howe&#8217;s sinnliche Stimme. Intepretiert werden klassische Jazz Songs und bekannte Evergreens. Nostalgisches Ambiente, geschmackvolle Kl\u00e4nge &amp; Rhythmen: F\u00fcr jeden Anlass mit Stil!<\/p>\n<p><iframe loading=\"lazy\" width=\"83.2%\" height=\"166\" scrolling=\"no\" frameborder=\"no\" src=\"https:\/\/w.soundcloud.com\/player\/?url=https%3A\/\/api.soundcloud.com\/tracks\/191608155&amp;color=c00000&amp;auto_play=false&amp;hide_related=false&amp;show_comments=true&amp;show_user=true&amp;show_reposts=false\"><\/iframe><\/p>\n<p><img decoding=\"async\" class=\"alignleft\" alt=\"\" src=\"http:\/\/www.jessyhowe.com\/wp-content\/uploads\/aperoband3.jpg\" width=\"640\"><br>\n<img decoding=\"async\" class=\"alignleft\" alt=\"\" src=\"http:\/\/www.jessyhowe.com\/wp-content\/uploads\/aperoband2.jpg\" width=\"640\"><br>\n<img decoding=\"async\" class=\"alignleft\" alt=\"\" src=\"http:\/\/www.jessyhowe.com\/wp-content\/uploads\/aperoband1.jpg\" width=\"640\"><\/p>\n<p><img decoding=\"async\" class=\"alignleft\" alt=\"\" src=\"http:\/\/www.jessyhowe.com\/wp-content\/uploads\/aperoband4.jpg\" width=\"640\"><br>\n<img decoding=\"async\" class=\"alignleft\" alt=\"\" src=\"http:\/\/www.jessyhowe.com\/wp-content\/uploads\/aperoband5.jpg\" width=\"640\"><br>\n<img decoding=\"async\" class=\"alignleft\" alt=\"\" src=\"http:\/\/www.jessyhowe.com\/wp-content\/uploads\/aperoband6.jpg\" width=\"640\"><\/p>","protected":false},"excerpt":{"rendered":"<p>JESSY HOWE &amp; SOIR\u00c9E JAZZ Unplugged Live Quartett f\u00fcr Hochzeiten, Ap\u00e9ros, Privatanl\u00e4sse, Firmenevents, Geburtstage: Kontrabassist, akustischer Gitarrist, Schlagzeuger und Jessy Howe&#8217;s sinnliche Stimme. Intepretiert werden klassische Jazz Songs und bekannte Evergreens. Nostalgisches Ambiente, geschmackvolle Kl\u00e4nge &amp; Rhythmen: F\u00fcr jeden Anlass mit Stil!<\/p>\n","protected":false},"author":1,"featured_media":0,"parent":0,"menu_order":4,"comment_status":"closed","ping_status":"closed","template":"","meta":[],"_links":{"self":[{"href":"https:\/\/jessyhowe.com\/index.php?rest_route=\/wp\/v2\/pages\/920"}],"collection":[{"href":"https:\/\/jessyhowe.com\/index.php?rest_route=\/wp\/v2\/pages"}],"about":[{"href":"https:\/\/jessyhowe.com\/index.php?rest_route=\/wp\/v2\/types\/page"}],"author":[{"embeddable":true,"href":"https:\/\/jessyhowe.com\/index.php?rest_route=\/wp\/v2\/users\/1"}],"replies":[{"embeddable":true,"href":"https:\/\/jessyhowe.com\/index.php?rest_route=%2Fwp%2Fv2%2Fcomments&post=920"}],"version-history":[{"count":50,"href":"https:\/\/jessyhowe.com\/index.php?rest_route=\/wp\/v2\/pages\/920\/revisions"}],"predecessor-version":[{"id":3060,"href":"https:\/\/jessyhowe.com\/index.php?rest_route=\/wp\/v2\/pages\/920\/revisions\/3060"}],"wp:attachment":[{"href":"https:\/\/jessyhowe.com\/index.php?rest_route=%2Fwp%2Fv2%2Fmedia&parent=920"}],"curies":[{"name":"wp","href":"https:\/\/api.w.org\/{rel}","templated":true}]}}